{"id":709,"date":"2018-04-09T06:03:29","date_gmt":"2018-04-08T22:03:29","guid":{"rendered":"http:\/\/thailiangyu.com\/?post_type=product&#038;p=709"},"modified":"2025-08-18T13:34:24","modified_gmt":"2025-08-18T05:34:24","slug":"%e4%ba%ae%e7%b2%89%e8%89%b2%e5%a4%a7%e6%8f%90%e5%8c%85","status":"publish","type":"product","link":"https:\/\/thailiangyu.com\/jp\/product\/%e4%ba%ae%e7%b2%89%e8%89%b2%e5%a4%a7%e6%8f%90%e5%8c%85\/","title":{"rendered":"\u6cf0\u570b\u4ee3\u8cfc \u2013 \u4eae\u7c89\u8272\u5927\u63d0\u5305"},"content":{"rendered":"<p><img loading=\"lazy\" decoding=\"async\" class=\"alignnone size-full wp-image-704\" src=\"http:\/\/thailiangyu.com\/wp-content\/uploads\/2018\/04\/timeline_20180407_220321.jpg\" alt=\"\" width=\"718\" height=\"960\" srcset=\"https:\/\/thailiangyu.com\/wp-content\/uploads\/2018\/04\/timeline_20180407_220321.jpg 718w, https:\/\/thailiangyu.com\/wp-content\/uploads\/2018\/04\/timeline_20180407_220321-600x802.jpg 600w, https:\/\/thailiangyu.com\/wp-content\/uploads\/2018\/04\/timeline_20180407_220321-224x300.jpg 224w\" sizes=\"auto, (max-width: 718px) 100vw, 718px\" \/><\/p>\n<p>Material : Satin Fabric<br \/>\nWidht : 400 mm.<br \/>\nDepth : 140 mm.<br \/>\nHeight : 310 mm.<br \/>\nCare Lable : Clean with a solf brush and luke warm water.<br \/>\n\u00d7\u00d7\u00d7\u00d7\u00d7\u00d7\u00d7\u00d7\u00d7\u00d7\u00d7\u00d7\u00d7\u00d7\u00d7\u00d7\u00d7\u00d7\u00d7\u00d7\u00d7\u00d7\u00d7<\/p>","protected":false},"excerpt":{"rendered":"<p>Material : Satin Fabric Widht : 400 mm. <\/p>","protected":false},"featured_media":704,"comment_status":"open","ping_status":"closed","template":"","meta":[],"product_brand":[],"product_cat":[42],"product_tag":[],"class_list":{"0":"post-709","1":"product","2":"type-product","3":"status-publish","4":"has-post-thumbnail","6":"product_cat-bag","7":"tm-no-options","9":"first","10":"instock","11":"sale","12":"shipping-taxable","13":"purchasable","14":"product-type-simple"},"_links":{"self":[{"href":"https:\/\/thailiangyu.com\/jp\/wp-json\/wp\/v2\/product\/709","targetHints":{"allow":["GET"]}}],"collection":[{"href":"https:\/\/thailiangyu.com\/jp\/wp-json\/wp\/v2\/product"}],"about":[{"href":"https:\/\/thailiangyu.com\/jp\/wp-json\/wp\/v2\/types\/product"}],"replies":[{"embeddable":true,"href":"https:\/\/thailiangyu.com\/jp\/wp-json\/wp\/v2\/comments?post=709"}],"wp:featuredmedia":[{"embeddable":true,"href":"https:\/\/thailiangyu.com\/jp\/wp-json\/wp\/v2\/media\/704"}],"wp:attachment":[{"href":"https:\/\/thailiangyu.com\/jp\/wp-json\/wp\/v2\/media?parent=709"}],"wp:term":[{"taxonomy":"product_brand","embeddable":true,"href":"https:\/\/thailiangyu.com\/jp\/wp-json\/wp\/v2\/product_brand?post=709"},{"taxonomy":"product_cat","embeddable":true,"href":"https:\/\/thailiangyu.com\/jp\/wp-json\/wp\/v2\/product_cat?post=709"},{"taxonomy":"product_tag","embeddable":true,"href":"https:\/\/thailiangyu.com\/jp\/wp-json\/wp\/v2\/product_tag?post=709"}],"curies":[{"name":"wp","href":"https:\/\/api.w.org\/{rel}","templated":true}]}}